{"id":42,"date":"2026-04-28T11:57:47","date_gmt":"2026-04-28T09:57:47","guid":{"rendered":"https:\/\/gruposantina.com\/?page_id=42"},"modified":"2026-04-29T10:30:26","modified_gmt":"2026-04-29T08:30:26","slug":"sobre-nosotros","status":"publish","type":"page","link":"https:\/\/gruposantina.com\/?page_id=42","title":{"rendered":"Sobre nosotros"},"content":{"rendered":"\n<figure class=\"wp-block-image alignright size-large is-resized\"><img loading=\"lazy\" decoding=\"async\" width=\"1024\" height=\"683\" src=\"https:\/\/gruposantina.com\/wp-content\/uploads\/2026\/04\/SANTINA-1-1024x683.jpg\" alt=\"\" class=\"wp-image-23\" style=\"aspect-ratio:1.5;width:482px;height:auto\" srcset=\"https:\/\/gruposantina.com\/wp-content\/uploads\/2026\/04\/SANTINA-1-1024x683.jpg 1024w, https:\/\/gruposantina.com\/wp-content\/uploads\/2026\/04\/SANTINA-1-300x200.jpg 300w, https:\/\/gruposantina.com\/wp-content\/uploads\/2026\/04\/SANTINA-1-768x512.jpg 768w, https:\/\/gruposantina.com\/wp-content\/uploads\/2026\/04\/SANTINA-1-1536x1024.jpg 1536w, https:\/\/gruposantina.com\/wp-content\/uploads\/2026\/04\/SANTINA-1-2048x1365.jpg 2048w\" sizes=\"auto, (max-width: 1024px) 100vw, 1024px\" \/><\/figure>\n\n\n\n<div class=\"wp-block-columns is-layout-flex wp-container-core-columns-is-layout-28f84493 wp-block-columns-is-layout-flex\">\n<div class=\"wp-block-column is-layout-flow wp-block-column-is-layout-flow\" style=\"flex-basis:100%\">\n<p class=\"has-contrast-color has-text-color has-link-color has-medium-font-size wp-elements-b4b74b9d4ed266e011d44319a452f0d0\" style=\"border-top-left-radius:0px;border-top-right-radius:0px;border-bottom-left-radius:0px;border-bottom-right-radius:0px\">Somos una ingenier\u00eda especializada en soluciones el\u00e9ctricas para empresas, comunidades y proyectos industriales. Combinamos experiencia t\u00e9cnica, precisi\u00f3n y un enfoque orientado a la eficiencia para ofrecer instalaciones seguras, optimizadas y adaptadas a cada necesidad.<\/p>\n<\/div>\n<\/div>\n\n\n\n<div class=\"wp-block-columns is-layout-flex wp-container-core-columns-is-layout-28f84493 wp-block-columns-is-layout-flex\">\n<div class=\"wp-block-column is-layout-flow wp-block-column-is-layout-flow\" style=\"flex-basis:100%\">\n<h3 class=\"wp-block-heading\"><strong>Nuestra filosof\u00eda<\/strong><\/h3>\n<\/div>\n<\/div>\n\n\n\n<div class=\"wp-block-columns is-layout-flex wp-container-core-columns-is-layout-28f84493 wp-block-columns-is-layout-flex\">\n<div class=\"wp-block-column is-layout-flow wp-block-column-is-layout-flow\" style=\"flex-basis:100%\">\n<ul class=\"wp-block-list\">\n<li>Rigor t\u00e9cnico en cada proyecto.<\/li>\n\n\n\n<li>Transparencia en procesos y costes.<\/li>\n\n\n\n<li>Acompa\u00f1amiento continuo desde el dise\u00f1o hasta la puesta en marcha.<\/li>\n\n\n\n<li>Compromiso con la eficiencia energ\u00e9tica y la sostenibilidad.<\/li>\n<\/ul>\n<\/div>\n<\/div>\n\n\n\n<p><\/p>\n","protected":false},"excerpt":{"rendered":"<p>Somos una ingenier\u00eda especializada en soluciones el\u00e9ctricas para empresas, comunidades y proyectos industriales. Combinamos experiencia t\u00e9cnica, precisi\u00f3n y un enfoque orientado a la eficiencia para ofrecer instalaciones seguras, optimizadas y adaptadas a cada necesidad. Nuestra filosof\u00eda<\/p>\n","protected":false},"author":1,"featured_media":0,"parent":0,"menu_order":0,"comment_status":"closed","ping_status":"closed","template":"","meta":{"footnotes":""},"class_list":["post-42","page","type-page","status-publish","hentry"],"_links":{"self":[{"href":"https:\/\/gruposantina.com\/index.php?rest_route=\/wp\/v2\/pages\/42","targetHints":{"allow":["GET"]}}],"collection":[{"href":"https:\/\/gruposantina.com\/index.php?rest_route=\/wp\/v2\/pages"}],"about":[{"href":"https:\/\/gruposantina.com\/index.php?rest_route=\/wp\/v2\/types\/page"}],"author":[{"embeddable":true,"href":"https:\/\/gruposantina.com\/index.php?rest_route=\/wp\/v2\/users\/1"}],"replies":[{"embeddable":true,"href":"https:\/\/gruposantina.com\/index.php?rest_route=%2Fwp%2Fv2%2Fcomments&post=42"}],"version-history":[{"count":4,"href":"https:\/\/gruposantina.com\/index.php?rest_route=\/wp\/v2\/pages\/42\/revisions"}],"predecessor-version":[{"id":84,"href":"https:\/\/gruposantina.com\/index.php?rest_route=\/wp\/v2\/pages\/42\/revisions\/84"}],"wp:attachment":[{"href":"https:\/\/gruposantina.com\/index.php?rest_route=%2Fwp%2Fv2%2Fmedia&parent=42"}],"curies":[{"name":"wp","href":"https:\/\/api.w.org\/{rel}","templated":true}]}}