{"id":40,"date":"2026-04-28T11:56:30","date_gmt":"2026-04-28T09:56:30","guid":{"rendered":"https:\/\/gruposantina.com\/?page_id=40"},"modified":"2026-04-29T09:35:54","modified_gmt":"2026-04-29T07:35:54","slug":"servicios","status":"publish","type":"page","link":"https:\/\/gruposantina.com\/?page_id=40","title":{"rendered":"Servicios"},"content":{"rendered":"\n<div class=\"wp-block-group alignfull has-accent-background-color has-background has-global-padding is-layout-constrained wp-container-core-group-is-layout-669513ed wp-block-group-is-layout-constrained\" style=\"margin-top:0;margin-bottom:0;padding-top:var(--wp--preset--spacing--50);padding-right:var(--wp--preset--spacing--50);padding-bottom:var(--wp--preset--spacing--50);padding-left:var(--wp--preset--spacing--50)\">\n<div class=\"wp-block-columns alignwide is-layout-flex wp-container-core-columns-is-layout-1da03c2a wp-block-columns-is-layout-flex\">\n<div class=\"wp-block-column is-vertically-aligned-stretch is-layout-flow wp-block-column-is-layout-flow\" style=\"flex-basis:50%\">\n<div class=\"wp-block-group is-vertical is-content-justification-stretch is-layout-flex wp-container-core-group-is-layout-353c4f5a wp-block-group-is-layout-flex\" style=\"min-height:100%\">\n<p class=\"has-heading-font-family has-x-large-font-size\" style=\"line-height:1.2\">Asesoramiento en energ\u00edas renovables<\/p>\n\n\n\n<div class=\"wp-block-group has-global-padding is-content-justification-left is-layout-constrained wp-container-core-group-is-layout-9fe8ed88 wp-block-group-is-layout-constrained\">\n<p class=\"wp-container-content-0733e5d0\">Analizamos tu consumo energ\u00e9tico, tu tipo de vivienda o negocio y tus objetivos para dise\u00f1ar una soluci\u00f3n personalizada.<\/p>\n\n\n\n<p>Nuestro equipo estudia todos los factores clave: orientaci\u00f3n, ubicaci\u00f3n, h\u00e1bitos de consumo y presupuesto, para ofrecerte la alternativa m\u00e1s eficiente y rentable.<\/p>\n\n\n\n<p><strong>\u00bfQu\u00e9 incluye?<\/strong><\/p>\n\n\n\n<ul class=\"wp-block-list\">\n<li>Estimaci\u00f3n de ahorro<\/li>\n<\/ul>\n\n\n\n<ul class=\"wp-block-list\">\n<li>Estudio energ\u00e9tico personalizado<\/li>\n<\/ul>\n\n\n\n<ul class=\"wp-block-list\">\n<li>An\u00e1lisis de viabilidad<\/li>\n<\/ul>\n\n\n\n<ul class=\"wp-block-list\">\n<li>Propuesta de soluci\u00f3n a medida<\/li>\n<\/ul>\n<\/div>\n<\/div>\n<\/div>\n<\/div>\n<\/div>\n\n\n\n<div class=\"wp-block-group alignfull has-base-background-color has-background has-global-padding is-layout-constrained wp-container-core-group-is-layout-d89aad35 wp-block-group-is-layout-constrained\" style=\"margin-top:0;margin-bottom:0;padding-top:var(--wp--preset--spacing--50);padding-right:var(--wp--preset--spacing--50);padding-bottom:var(--wp--preset--spacing--50);padding-left:var(--wp--preset--spacing--50)\">\n<figure class=\"wp-block-image alignright size-full is-resized\"><img loading=\"lazy\" decoding=\"async\" width=\"740\" height=\"493\" src=\"https:\/\/gruposantina.com\/wp-content\/uploads\/2026\/04\/capataz-empresario-estacion-energia-solar_1157-35710.jpg\" alt=\"\" class=\"wp-image-67\" style=\"aspect-ratio:1.5;width:399px;height:auto\" srcset=\"https:\/\/gruposantina.com\/wp-content\/uploads\/2026\/04\/capataz-empresario-estacion-energia-solar_1157-35710.jpg 740w, https:\/\/gruposantina.com\/wp-content\/uploads\/2026\/04\/capataz-empresario-estacion-energia-solar_1157-35710-300x200.jpg 300w\" sizes=\"auto, (max-width: 740px) 100vw, 740px\" \/><\/figure>\n\n\n\n<div class=\"wp-block-columns alignwide is-layout-flex wp-container-core-columns-is-layout-549b0c86 wp-block-columns-is-layout-flex\">\n<div class=\"wp-block-column is-layout-flow wp-container-core-column-is-layout-119bc444 wp-block-column-is-layout-flow\" style=\"flex-basis:60%\">\n<p class=\"has-heading-font-family has-x-large-font-size\" style=\"line-height:1.2\"><strong>Energ\u00eda solar fotovoltaica<\/strong><\/p>\n\n\n\n<p>Te ayudamos a dar el salto a la energ\u00eda solar de forma sencilla y segura. Gestionamos todo el proceso para que t\u00fa no tengas que preocuparte por nada.<\/p>\n\n\n\n<p>Trabajamos con proveedores de confianza para garantizar instalaciones eficientes, duraderas y adaptadas a cada cliente.<\/p>\n\n\n\n<p><strong>\u00bfQu\u00e9 ofrecemos?<\/strong><\/p>\n\n\n\n<ul class=\"wp-block-list\">\n<li>Dise\u00f1o de instalaci\u00f3n solar<\/li>\n\n\n\n<li>Selecci\u00f3n de los mejores equipos<\/li>\n\n\n\n<li>Intermediaci\u00f3n con instaladores certificados<\/li>\n\n\n\n<li>Seguimiento del proyecto<\/li>\n<\/ul>\n<\/div>\n<\/div>\n<\/div>\n\n\n\n<div class=\"wp-block-group alignfull has-accent-5-background-color has-background has-global-padding is-layout-constrained wp-container-core-group-is-layout-d89aad35 wp-block-group-is-layout-constrained\" style=\"margin-top:0;margin-bottom:0;padding-top:var(--wp--preset--spacing--50);padding-right:var(--wp--preset--spacing--50);padding-bottom:var(--wp--preset--spacing--50);padding-left:var(--wp--preset--spacing--50)\">\n<div class=\"wp-block-columns alignwide is-layout-flex wp-container-core-columns-is-layout-1da03c2a wp-block-columns-is-layout-flex\">\n<div class=\"wp-block-column is-vertically-aligned-center is-layout-flow wp-block-column-is-layout-flow\" style=\"flex-basis:60%\">\n<figure class=\"wp-block-image size-full is-resized is-style-rounded is-style-rounded--1\"><img loading=\"lazy\" decoding=\"async\" width=\"2560\" height=\"1707\" src=\"https:\/\/gruposantina.com\/wp-content\/uploads\/2026\/04\/eolica-scaled.jpg\" alt=\"\" class=\"wp-image-68\" style=\"aspect-ratio:1.3333333333333333;object-fit:cover;width:441px;height:auto\" srcset=\"https:\/\/gruposantina.com\/wp-content\/uploads\/2026\/04\/eolica-scaled.jpg 2560w, https:\/\/gruposantina.com\/wp-content\/uploads\/2026\/04\/eolica-300x200.jpg 300w, https:\/\/gruposantina.com\/wp-content\/uploads\/2026\/04\/eolica-1024x683.jpg 1024w, https:\/\/gruposantina.com\/wp-content\/uploads\/2026\/04\/eolica-768x512.jpg 768w, https:\/\/gruposantina.com\/wp-content\/uploads\/2026\/04\/eolica-1536x1024.jpg 1536w, https:\/\/gruposantina.com\/wp-content\/uploads\/2026\/04\/eolica-2048x1365.jpg 2048w\" sizes=\"auto, (max-width: 2560px) 100vw, 2560px\" \/><\/figure>\n<\/div>\n\n\n\n<div class=\"wp-block-column is-layout-flow wp-block-column-is-layout-flow\" style=\"flex-basis:40%\">\n<h2 class=\"wp-block-heading\">Soluciones en energ\u00eda e\u00f3lica<\/h2>\n\n\n\n<p>Evaluamos la viabilidad de incorporar energ\u00eda e\u00f3lica como complemento o alternativa a otras fuentes renovables.<\/p>\n\n\n\n<p>Especialmente indicada para ubicaciones con condiciones favorables de viento.<\/p>\n\n\n\n<p><strong>Incluye:<\/strong><\/p>\n\n\n\n<p>Conexi\u00f3n con proveedores especializados<\/p>\n\n\n\n<p>Estudio de viabilidad e\u00f3lica<\/p>\n\n\n\n<p>Asesoramiento t\u00e9cnico<\/p>\n\n\n\n<p>Selecci\u00f3n de soluciones adecuadas<\/p>\n\n\n\n<div class=\"wp-block-buttons is-layout-flex wp-block-buttons-is-layout-flex\"><\/div>\n<\/div>\n<\/div>\n<\/div>\n\n\n\n<div class=\"wp-block-group alignfull has-global-padding is-layout-constrained wp-container-core-group-is-layout-d89aad35 wp-block-group-is-layout-constrained\" style=\"margin-top:0;margin-bottom:0;padding-top:var(--wp--preset--spacing--50);padding-right:var(--wp--preset--spacing--50);padding-bottom:var(--wp--preset--spacing--50);padding-left:var(--wp--preset--spacing--50)\">\n<div class=\"wp-block-columns alignwide are-vertically-aligned-center is-layout-flex wp-container-core-columns-is-layout-47c06fe3 wp-block-columns-is-layout-flex\">\n<div class=\"wp-block-column is-vertically-aligned-center is-layout-flow wp-block-column-is-layout-flow\" style=\"flex-basis:50%\">\n<h2 class=\"wp-block-heading\">Intermediaci\u00f3n comercial especializada<\/h2>\n\n\n\n<ul style=\"line-height:1.75\" class=\"wp-block-list is-style-checkmark-list\"><\/ul>\n\n\n\n<p>Actuamos como puente entre clientes y proveedores del sector energ\u00e9tico, garantizando que obtengas las mejores condiciones del mercado.<\/p>\n\n\n\n<p>Negociamos por ti para asegurar calidad, precio competitivo y soluciones adaptadas.<\/p>\n\n\n\n<p><strong>Ventajas:<\/strong><\/p>\n\n\n\n<ul class=\"wp-block-list\">\n<li>Ahorro de tiempo y dinero<\/li>\n\n\n\n<li>Acceso a proveedores verificados<\/li>\n\n\n\n<li>Comparaci\u00f3n de opciones<\/li>\n\n\n\n<li>Transparencia en todo el proceso<\/li>\n<\/ul>\n\n\n\n<div class=\"wp-block-buttons is-layout-flex wp-block-buttons-is-layout-flex\"><\/div>\n<\/div>\n\n\n\n<div class=\"wp-block-column is-vertically-aligned-center is-layout-flow wp-block-column-is-layout-flow\" style=\"flex-basis:50%\">\n<figure class=\"wp-block-image alignright size-full is-resized is-style-rounded is-style-rounded--2\"><img loading=\"lazy\" decoding=\"async\" width=\"2560\" height=\"1440\" src=\"https:\/\/gruposantina.com\/wp-content\/uploads\/2026\/04\/comercial-scaled.jpg\" alt=\"\" class=\"wp-image-69\" style=\"aspect-ratio:1.3333333333333333;object-fit:cover;width:385px;height:auto\" srcset=\"https:\/\/gruposantina.com\/wp-content\/uploads\/2026\/04\/comercial-scaled.jpg 2560w, https:\/\/gruposantina.com\/wp-content\/uploads\/2026\/04\/comercial-300x169.jpg 300w, https:\/\/gruposantina.com\/wp-content\/uploads\/2026\/04\/comercial-1024x576.jpg 1024w, https:\/\/gruposantina.com\/wp-content\/uploads\/2026\/04\/comercial-768x432.jpg 768w, https:\/\/gruposantina.com\/wp-content\/uploads\/2026\/04\/comercial-1536x864.jpg 1536w, https:\/\/gruposantina.com\/wp-content\/uploads\/2026\/04\/comercial-2048x1152.jpg 2048w\" sizes=\"auto, (max-width: 2560px) 100vw, 2560px\" \/><\/figure>\n<\/div>\n<\/div>\n\n\n\n<p><\/p>\n<\/div>\n","protected":false},"excerpt":{"rendered":"<p>Asesoramiento en energ\u00edas renovables Analizamos tu consumo energ\u00e9tico, tu tipo de vivienda o negocio y tus objetivos para dise\u00f1ar una soluci\u00f3n personalizada. Nuestro equipo estudia todos los factores clave: orientaci\u00f3n, ubicaci\u00f3n, h\u00e1bitos de consumo y presupuesto, para ofrecerte la alternativa m\u00e1s eficiente y rentable. \u00bfQu\u00e9 incluye? Energ\u00eda solar fotovoltaica Te ayudamos a dar el salto [&hellip;]<\/p>\n","protected":false},"author":1,"featured_media":0,"parent":0,"menu_order":0,"comment_status":"closed","ping_status":"closed","template":"","meta":{"footnotes":""},"class_list":["post-40","page","type-page","status-publish","hentry"],"_links":{"self":[{"href":"https:\/\/gruposantina.com\/index.php?rest_route=\/wp\/v2\/pages\/40","targetHints":{"allow":["GET"]}}],"collection":[{"href":"https:\/\/gruposantina.com\/index.php?rest_route=\/wp\/v2\/pages"}],"about":[{"href":"https:\/\/gruposantina.com\/index.php?rest_route=\/wp\/v2\/types\/page"}],"author":[{"embeddable":true,"href":"https:\/\/gruposantina.com\/index.php?rest_route=\/wp\/v2\/users\/1"}],"replies":[{"embeddable":true,"href":"https:\/\/gruposantina.com\/index.php?rest_route=%2Fwp%2Fv2%2Fcomments&post=40"}],"version-history":[{"count":4,"href":"https:\/\/gruposantina.com\/index.php?rest_route=\/wp\/v2\/pages\/40\/revisions"}],"predecessor-version":[{"id":74,"href":"https:\/\/gruposantina.com\/index.php?rest_route=\/wp\/v2\/pages\/40\/revisions\/74"}],"wp:attachment":[{"href":"https:\/\/gruposantina.com\/index.php?rest_route=%2Fwp%2Fv2%2Fmedia&parent=40"}],"curies":[{"name":"wp","href":"https:\/\/api.w.org\/{rel}","templated":true}]}}